{"id":245,"date":"2024-09-17T05:49:31","date_gmt":"2024-09-17T05:49:31","guid":{"rendered":"https:\/\/wordpress-1269390-4868074.cloudwaysapps.com\/?page_id=245"},"modified":"2024-11-11T10:54:10","modified_gmt":"2024-11-11T10:54:10","slug":"presentacion","status":"publish","type":"page","link":"https:\/\/www.gynemama.com\/fr\/presentation\/","title":{"rendered":"Pr\u00e9sentation"},"content":{"rendered":"<div data-elementor-type=\"wp-page\" data-elementor-id=\"245\" class=\"elementor elementor-245\" data-elementor-post-type=\"page\">\n\t\t\t\t<div class=\"elementor-element elementor-element-5528f62 e-flex e-con-boxed e-con e-parent\" data-id=\"5528f62\" data-element_type=\"container\" data-settings=\"{&quot;background_background&quot;:&quot;classic&quot;}\">\n\t\t\t\t\t<div class=\"e-con-inner\">\n\t\t<div class=\"elementor-element elementor-element-b0349b0 e-con-full e-flex e-con e-child\" data-id=\"b0349b0\" data-element_type=\"container\">\n\t\t\t\t<div class=\"elementor-element elementor-element-d1fb6e6 elementor-widget elementor-widget-heading\" data-id=\"d1fb6e6\" data-element_type=\"widget\" data-widget_type=\"heading.default\">\n\t\t\t\t<div class=\"elementor-widget-container\">\n\t\t\t<h1 class=\"elementor-heading-title elementor-size-default\">Pr\u00e9sentation<\/h1>\t\t<\/div>\n\t\t\t\t<\/div>\n\t\t\t\t<div class=\"elementor-element elementor-element-b97027b elementor-widget elementor-widget-text-editor\" data-id=\"b97027b\" data-element_type=\"widget\" data-widget_type=\"text-editor.default\">\n\t\t\t\t<div class=\"elementor-widget-container\">\n\t\t\t\t\t\t\t<p>La clinique \/ <strong>Pr\u00e9sentation<\/strong><\/p>\t\t\t\t\t\t<\/div>\n\t\t\t\t<\/div>\n\t\t\t\t<\/div>\n\t\t\t\t\t<\/div>\n\t\t\t\t<\/div>\n\t\t<div class=\"elementor-element elementor-element-ad8d388 e-flex e-con-boxed e-con e-parent\" data-id=\"ad8d388\" data-element_type=\"container\">\n\t\t\t\t\t<div class=\"e-con-inner\">\n\t\t<div class=\"elementor-element elementor-element-09ad5be e-con-full e-flex e-con e-child\" data-id=\"09ad5be\" data-element_type=\"container\">\n\t\t\t\t<div class=\"elementor-element elementor-element-d177f0e elementor-widget elementor-widget-image\" data-id=\"d177f0e\" data-element_type=\"widget\" data-widget_type=\"image.default\">\n\t\t\t\t<div class=\"elementor-widget-container\">\n\t\t\t\t\t\t\t\t\t\t\t\t\t<img fetchpriority=\"high\" decoding=\"async\" width=\"1536\" height=\"622\" src=\"https:\/\/www.gynemama.com\/wp-content\/uploads\/2024\/10\/Cesarea2-58@2x-1536x622.jpg\" class=\"attachment-1536x1536 size-1536x1536 wp-image-889\" alt=\"\" srcset=\"https:\/\/www.gynemama.com\/wp-content\/uploads\/2024\/10\/Cesarea2-58@2x-1536x622.jpg 1536w, https:\/\/www.gynemama.com\/wp-content\/uploads\/2024\/10\/Cesarea2-58@2x-300x122.jpg 300w, https:\/\/www.gynemama.com\/wp-content\/uploads\/2024\/10\/Cesarea2-58@2x-1024x415.jpg 1024w, https:\/\/www.gynemama.com\/wp-content\/uploads\/2024\/10\/Cesarea2-58@2x-768x311.jpg 768w, https:\/\/www.gynemama.com\/wp-content\/uploads\/2024\/10\/Cesarea2-58@2x-2048x830.jpg 2048w\" sizes=\"(max-width: 1536px) 100vw, 1536px\" \/>\t\t\t\t\t\t\t\t\t\t\t\t\t<\/div>\n\t\t\t\t<\/div>\n\t\t<div class=\"elementor-element elementor-element-33a075d e-con-full e-flex e-con e-child\" data-id=\"33a075d\" data-element_type=\"container\">\n\t\t\t\t<div class=\"elementor-element elementor-element-765b1f2 elementor-widget elementor-widget-heading\" data-id=\"765b1f2\" data-element_type=\"widget\" data-widget_type=\"heading.default\">\n\t\t\t\t<div class=\"elementor-widget-container\">\n\t\t\t<h2 class=\"elementor-heading-title elementor-size-default\">Nous t'accompagnons dans chaque \u00e9tape de la vie.<\/h2>\t\t<\/div>\n\t\t\t\t<\/div>\n\t\t\t\t<div class=\"elementor-element elementor-element-bb8c75f elementor-widget elementor-widget-text-editor\" data-id=\"bb8c75f\" data-element_type=\"widget\" data-widget_type=\"text-editor.default\">\n\t\t\t\t<div class=\"elementor-widget-container\">\n\t\t\t\t\t\t\t<p>Ta sant\u00e9 intime m\u00e9rite la  meilleure attention, c'est pourquoi nous t'accompagnons dans chaque \u00e9tape de la vie : premi\u00e8re menstruation, grossesse, m\u00e9nopause...<\/p>\n<p>L'\u00e9quipe de Gynemama sera avec toi \u00e0 tout moment et te guidera pour que tu puisses prendre les meilleures d\u00e9cisions, avec des informations personnalis\u00e9es et honn\u00eates.<\/p>\t\t\t\t\t\t<\/div>\n\t\t\t\t<\/div>\n\t\t\t\t<div class=\"elementor-element elementor-element-c0b7101 cita-online elementor-widget elementor-widget-button\" data-id=\"c0b7101\" data-element_type=\"widget\" data-widget_type=\"button.default\">\n\t\t\t\t<div class=\"elementor-widget-container\">\n\t\t\t\t\t<div class=\"elementor-button-wrapper\">\n\t\t\t<a class=\"elementor-button elementor-button-link elementor-size-sm\" href=\"#\">\n\t\t\t\t\t\t<span class=\"elementor-button-content-wrapper\">\n\t\t\t\t\t\t\t\t\t<span class=\"elementor-button-text\">Prends rendez-vous<\/span>\n\t\t\t\t\t<\/span>\n\t\t\t\t\t<\/a>\n\t\t<\/div>\n\t\t\t\t<\/div>\n\t\t\t\t<\/div>\n\t\t\t\t<\/div>\n\t\t\t\t<\/div>\n\t\t\t\t\t<\/div>\n\t\t\t\t<\/div>\n\t\t<div class=\"elementor-element elementor-element-0ec5a39 e-flex e-con-boxed e-con e-parent\" data-id=\"0ec5a39\" data-element_type=\"container\">\n\t\t\t\t\t<div class=\"e-con-inner\">\n\t\t\t\t<div class=\"elementor-element elementor-element-37da9f0 elementor-widget elementor-widget-heading\" data-id=\"37da9f0\" data-element_type=\"widget\" data-widget_type=\"heading.default\">\n\t\t\t\t<div class=\"elementor-widget-container\">\n\t\t\t<h2 class=\"elementor-heading-title elementor-size-default\">Galerie<\/h2>\t\t<\/div>\n\t\t\t\t<\/div>\n\t\t\t\t<div class=\"elementor-element elementor-element-02b0b14 elementor-arrows-position-outside elementor-widget elementor-widget-image-carousel\" data-id=\"02b0b14\" data-element_type=\"widget\" data-settings=\"{&quot;slides_to_show&quot;:&quot;3&quot;,&quot;navigation&quot;:&quot;arrows&quot;,&quot;autoplay&quot;:&quot;yes&quot;,&quot;pause_on_hover&quot;:&quot;yes&quot;,&quot;pause_on_interaction&quot;:&quot;yes&quot;,&quot;autoplay_speed&quot;:5000,&quot;infinite&quot;:&quot;yes&quot;,&quot;speed&quot;:500,&quot;image_spacing_custom&quot;:{&quot;unit&quot;:&quot;px&quot;,&quot;size&quot;:20,&quot;sizes&quot;:[]},&quot;image_spacing_custom_tablet&quot;:{&quot;unit&quot;:&quot;px&quot;,&quot;size&quot;:&quot;&quot;,&quot;sizes&quot;:[]},&quot;image_spacing_custom_mobile&quot;:{&quot;unit&quot;:&quot;px&quot;,&quot;size&quot;:&quot;&quot;,&quot;sizes&quot;:[]}}\" data-widget_type=\"image-carousel.default\">\n\t\t\t\t<div class=\"elementor-widget-container\">\n\t\t\t\t\t<div class=\"elementor-image-carousel-wrapper swiper\" dir=\"ltr\">\n\t\t\t<div class=\"elementor-image-carousel swiper-wrapper\" aria-live=\"off\">\n\t\t\t\t\t\t\t\t<div class=\"swiper-slide\" role=\"group\" aria-roledescription=\"slide\" aria-label=\"1 de 4\" data-no-translation-aria-label=\"\"><figure class=\"swiper-slide-inner\"><img decoding=\"async\" class=\"swiper-slide-image\" src=\"https:\/\/www.gynemama.com\/wp-content\/uploads\/2024\/10\/Parto-natural-en-Box-82@2x.jpg\" alt=\"Naissance naturelle en Box (82)@2x\" \/><\/figure><\/div><div class=\"swiper-slide\" role=\"group\" aria-roledescription=\"slide\" aria-label=\"2 de 4\" data-no-translation-aria-label=\"\"><figure class=\"swiper-slide-inner\"><img decoding=\"async\" class=\"swiper-slide-image\" src=\"https:\/\/www.gynemama.com\/wp-content\/uploads\/2024\/10\/Cesarea-1-38@2x.jpg\" alt=\"C\u00e9sar\u00e9e 1 (38)@2x\" \/><\/figure><\/div><div class=\"swiper-slide\" role=\"group\" aria-roledescription=\"slide\" aria-label=\"3 de 4\" data-no-translation-aria-label=\"\"><figure class=\"swiper-slide-inner\"><img decoding=\"async\" class=\"swiper-slide-image\" src=\"https:\/\/www.gynemama.com\/wp-content\/uploads\/2024\/10\/042A9671@2x.jpg\" alt=\"042A9671@2x\" \/><\/figure><\/div><div class=\"swiper-slide\" role=\"group\" aria-roledescription=\"slide\" aria-label=\"4 de 4\" data-no-translation-aria-label=\"\"><figure class=\"swiper-slide-inner\"><img decoding=\"async\" class=\"swiper-slide-image\" src=\"https:\/\/www.gynemama.com\/wp-content\/uploads\/2024\/10\/Parto-natural-en-Box-59@2x.jpg\" alt=\"Naissance naturelle en Box (59)@2x\" \/><\/figure><\/div>\t\t\t<\/div>\n\t\t\t\t\t\t\t\t\t\t\t\t<div class=\"elementor-swiper-button elementor-swiper-button-prev\" role=\"button\" tabindex=\"0\">\n\t\t\t\t\t\t<svg aria-hidden=\"true\" class=\"e-font-icon-svg e-eicon-chevron-left\" viewbox=\"0 0 1000 1000\" xmlns=\"http:\/\/www.w3.org\/2000\/svg\"><path d=\"M646 125C629 125 613 133 604 142L308 442C296 454 292 471 292 487 292 504 296 521 308 533L604 854C617 867 629 875 646 875 663 875 679 871 692 858 704 846 713 829 713 812 713 796 708 779 692 767L438 487 692 225C700 217 708 204 708 187 708 171 704 154 692 142 675 129 663 125 646 125Z\"><\/path><\/svg>\t\t\t\t\t<\/div>\n\t\t\t\t\t<div class=\"elementor-swiper-button elementor-swiper-button-next\" role=\"button\" tabindex=\"0\">\n\t\t\t\t\t\t<svg aria-hidden=\"true\" class=\"e-font-icon-svg e-eicon-chevron-right\" viewbox=\"0 0 1000 1000\" xmlns=\"http:\/\/www.w3.org\/2000\/svg\"><path d=\"M696 533C708 521 713 504 713 487 713 471 708 454 696 446L400 146C388 133 375 125 354 125 338 125 325 129 313 142 300 154 292 171 292 187 292 204 296 221 308 233L563 492 304 771C292 783 288 800 288 817 288 833 296 850 308 863 321 871 338 875 354 875 371 875 388 867 400 854L696 533Z\"><\/path><\/svg>\t\t\t\t\t<\/div>\n\t\t\t\t\n\t\t\t\t\t\t\t\t\t<\/div>\n\t\t\t\t<\/div>\n\t\t\t\t<\/div>\n\t\t\t\t\t<\/div>\n\t\t\t\t<\/div>\n\t\t<div class=\"elementor-element elementor-element-065d451 e-flex e-con-boxed e-con e-parent\" data-id=\"065d451\" data-element_type=\"container\">\n\t\t\t\t\t<div class=\"e-con-inner\">\n\t\t<div class=\"elementor-element elementor-element-bd2009c e-con-full e-flex e-con e-child\" data-id=\"bd2009c\" data-element_type=\"container\" data-settings=\"{&quot;background_background&quot;:&quot;classic&quot;}\">\n\t\t<div class=\"elementor-element elementor-element-393aff0 e-grid e-con-full e-con e-child\" data-id=\"393aff0\" data-element_type=\"container\">\n\t\t<div class=\"elementor-element elementor-element-41b1378 e-con-full e-flex e-con e-child\" data-id=\"41b1378\" data-element_type=\"container\" data-settings=\"{&quot;background_background&quot;:&quot;classic&quot;}\">\n\t\t<div class=\"elementor-element elementor-element-a1a349b e-con-full e-flex e-con e-child\" data-id=\"a1a349b\" data-element_type=\"container\">\n\t\t\t\t<div class=\"elementor-element elementor-element-6b3fdf1 elementor-align-center elementor-widget elementor-widget-button\" data-id=\"6b3fdf1\" data-element_type=\"widget\" data-widget_type=\"button.default\">\n\t\t\t\t<div class=\"elementor-widget-container\">\n\t\t\t\t\t<div class=\"elementor-button-wrapper\">\n\t\t\t<a class=\"elementor-button elementor-button-link elementor-size-sm\" href=\"\/fr\/\">\n\t\t\t\t\t\t<span class=\"elementor-button-content-wrapper\">\n\t\t\t\t\t\t\t\t\t<span class=\"elementor-button-text\">Je veux rencontrer l&#039;\u00e9quipe<\/span>\n\t\t\t\t\t<\/span>\n\t\t\t\t\t<\/a>\n\t\t<\/div>\n\t\t\t\t<\/div>\n\t\t\t\t<\/div>\n\t\t\t\t<\/div>\n\t\t\t\t<\/div>\n\t\t<div class=\"elementor-element elementor-element-e72b185 e-con-full e-flex e-con e-child\" data-id=\"e72b185\" data-element_type=\"container\">\n\t\t\t\t<div class=\"elementor-element elementor-element-b13f520 elementor-widget elementor-widget-text-editor\" data-id=\"b13f520\" data-element_type=\"widget\" data-widget_type=\"text-editor.default\">\n\t\t\t\t<div class=\"elementor-widget-container\">\n\t\t\t\t\t\t\t<p class=\" translation-block\">Nous savons qu'il est tr\u00e8s compliqu\u00e9 de trouver une \u00e9quipe avec laquelle tu te sentes en s\u00e9curit\u00e9 et libre de parler de n'importe quoi. L'\u00e9quipe de Gynemama t'accopagnera \u00e0 <strong>tout moment<\/strong> pour que tu te sentes tranquille et accompagn\u00e9e.<\/p>\n<p class=\" translation-block\">Notre plus grand engagement est de t\u2019offrir une <strong>attention honn\u00eate et proche<\/strong> pour te fournir toutes les informations dont tu as besoin et que tu puisses comprendre \u00e0 tout moment ce qui se passe afin de prendre des d\u00e9cisions de mani\u00e8re consciente.<\/p>\t\t\t\t\t\t<\/div>\n\t\t\t\t<\/div>\n\t\t\t\t<\/div>\n\t\t\t\t<\/div>\n\t\t\t\t<\/div>\n\t\t\t\t\t<\/div>\n\t\t\t\t<\/div>\n\t\t<div class=\"elementor-element elementor-element-158a279 e-flex e-con-boxed e-con e-parent\" data-id=\"158a279\" data-element_type=\"container\" data-settings=\"{&quot;background_background&quot;:&quot;classic&quot;}\">\n\t\t\t\t\t<div class=\"e-con-inner\">\n\t\t<div class=\"elementor-element elementor-element-1fc8d05 e-con-full e-flex e-con e-child\" data-id=\"1fc8d05\" data-element_type=\"container\">\n\t\t<div class=\"elementor-element elementor-element-2bc4e5c e-con-full e-flex e-con e-child\" data-id=\"2bc4e5c\" data-element_type=\"container\">\n\t\t\t\t<div class=\"elementor-element elementor-element-490ccef elementor-widget elementor-widget-image\" data-id=\"490ccef\" data-element_type=\"widget\" data-widget_type=\"image.default\">\n\t\t\t\t<div class=\"elementor-widget-container\">\n\t\t\t\t\t\t\t\t\t\t\t\t\t<img decoding=\"async\" width=\"800\" height=\"480\" src=\"https:\/\/www.gynemama.com\/wp-content\/uploads\/2024\/09\/hospital-casa-de-salud-01@2x.jpg\" class=\"attachment-large size-large wp-image-862\" alt=\"\" srcset=\"https:\/\/www.gynemama.com\/wp-content\/uploads\/2024\/09\/hospital-casa-de-salud-01@2x.jpg 1000w, https:\/\/www.gynemama.com\/wp-content\/uploads\/2024\/09\/hospital-casa-de-salud-01@2x-300x180.jpg 300w, https:\/\/www.gynemama.com\/wp-content\/uploads\/2024\/09\/hospital-casa-de-salud-01@2x-768x461.jpg 768w\" sizes=\"(max-width: 800px) 100vw, 800px\" \/>\t\t\t\t\t\t\t\t\t\t\t\t\t<\/div>\n\t\t\t\t<\/div>\n\t\t\t\t<\/div>\n\t\t<div class=\"elementor-element elementor-element-77de3c2 e-con-full e-flex e-con e-child\" data-id=\"77de3c2\" data-element_type=\"container\">\n\t\t\t\t<div class=\"elementor-element elementor-element-3bb9440 elementor-widget elementor-widget-heading\" data-id=\"3bb9440\" data-element_type=\"widget\" data-widget_type=\"heading.default\">\n\t\t\t\t<div class=\"elementor-widget-container\">\n\t\t\t<h2 class=\"elementor-heading-title elementor-size-default\">\u00c0 l'H\u00f4pital La Salud,<\/h2>\t\t<\/div>\n\t\t\t\t<\/div>\n\t\t\t\t<div class=\"elementor-element elementor-element-5149fe3 elementor-widget elementor-widget-text-editor\" data-id=\"5149fe3\" data-element_type=\"widget\" data-widget_type=\"text-editor.default\">\n\t\t\t\t<div class=\"elementor-widget-container\">\n\t\t\t\t\t\t\t<p>Tous nos services se d\u00e9roulent au Centre hospitalier  La Salud, un lieu caract\u00e9ris\u00e9 par son savoir-faire et par son accueil chaleureux.<\/p>\t\t\t\t\t\t<\/div>\n\t\t\t\t<\/div>\n\t\t\t\t<\/div>\n\t\t\t\t<\/div>\n\t\t\t\t\t<\/div>\n\t\t\t\t<\/div>\n\t\t\t\t<\/div>","protected":false},"excerpt":{"rendered":"<p>La cl\u00ednica \/ Presentaci\u00f3n Te acompa\u00f1amos en todas las etapas de tu vida Tu salud \u00edntima se merece lo mejor, por eso te acompa\u00f1amos en cada una de las etapas de la mujer: primera menstruaci\u00f3n, embarazo, menopausia&#8230; El equipo de Gynemama estar\u00e1 contigo en todo momento y te guiar\u00e1 para que puedas tomar las mejores [&hellip;]<\/p>","protected":false},"author":1,"featured_media":0,"parent":0,"menu_order":0,"comment_status":"closed","ping_status":"closed","template":"elementor_header_footer","meta":{"rank_math_lock_modified_date":false,"footnotes":""},"class_list":["post-245","page","type-page","status-publish","hentry"],"_links":{"self":[{"href":"https:\/\/www.gynemama.com\/fr\/wp-json\/wp\/v2\/pages\/245","targetHints":{"allow":["GET"]}}],"collection":[{"href":"https:\/\/www.gynemama.com\/fr\/wp-json\/wp\/v2\/pages"}],"about":[{"href":"https:\/\/www.gynemama.com\/fr\/wp-json\/wp\/v2\/types\/page"}],"author":[{"embeddable":true,"href":"https:\/\/www.gynemama.com\/fr\/wp-json\/wp\/v2\/users\/1"}],"replies":[{"embeddable":true,"href":"https:\/\/www.gynemama.com\/fr\/wp-json\/wp\/v2\/comments?post=245"}],"version-history":[{"count":49,"href":"https:\/\/www.gynemama.com\/fr\/wp-json\/wp\/v2\/pages\/245\/revisions"}],"predecessor-version":[{"id":1063,"href":"https:\/\/www.gynemama.com\/fr\/wp-json\/wp\/v2\/pages\/245\/revisions\/1063"}],"wp:attachment":[{"href":"https:\/\/www.gynemama.com\/fr\/wp-json\/wp\/v2\/media?parent=245"}],"curies":[{"name":"wp","href":"https:\/\/api.w.org\/{rel}","templated":true}]}}