{"id":283,"date":"2024-09-17T06:12:30","date_gmt":"2024-09-17T06:12:30","guid":{"rendered":"https:\/\/wordpress-1269390-4868074.cloudwaysapps.com\/?page_id=283"},"modified":"2026-03-30T08:21:16","modified_gmt":"2026-03-30T07:21:16","slug":"equipo","status":"publish","type":"page","link":"https:\/\/www.gynemama.com\/fr\/equipement\/","title":{"rendered":"\u00c9quipe"},"content":{"rendered":"<div data-elementor-type=\"wp-page\" data-elementor-id=\"283\" class=\"elementor elementor-283\" data-elementor-post-type=\"page\">\n\t\t\t\t<div class=\"elementor-element elementor-element-7e6dbe7 e-flex e-con-boxed e-con e-parent\" data-id=\"7e6dbe7\" data-element_type=\"container\" data-settings=\"{&quot;background_background&quot;:&quot;classic&quot;}\">\n\t\t\t\t\t<div class=\"e-con-inner\">\n\t\t<div class=\"elementor-element elementor-element-df6b812 e-con-full e-flex e-con e-child\" data-id=\"df6b812\" data-element_type=\"container\">\n\t\t\t\t<div class=\"elementor-element elementor-element-d74588e elementor-widget elementor-widget-heading\" data-id=\"d74588e\" data-element_type=\"widget\" data-widget_type=\"heading.default\">\n\t\t\t\t<div class=\"elementor-widget-container\">\n\t\t\t<h1 class=\"elementor-heading-title elementor-size-default\">\u00c9quipe<\/h1>\t\t<\/div>\n\t\t\t\t<\/div>\n\t\t\t\t<div class=\"elementor-element elementor-element-719008f elementor-widget elementor-widget-text-editor\" data-id=\"719008f\" data-element_type=\"widget\" data-widget_type=\"text-editor.default\">\n\t\t\t\t<div class=\"elementor-widget-container\">\n\t\t\t\t\t\t\t<p>La clinique \/ <strong>\u00c9quipe<\/strong><\/p>\t\t\t\t\t\t<\/div>\n\t\t\t\t<\/div>\n\t\t\t\t<\/div>\n\t\t\t\t\t<\/div>\n\t\t\t\t<\/div>\n\t\t<div class=\"elementor-element elementor-element-6828bdc e-flex e-con-boxed e-con e-parent\" data-id=\"6828bdc\" data-element_type=\"container\">\n\t\t\t\t\t<div class=\"e-con-inner\">\n\t\t<div class=\"elementor-element elementor-element-6dbec6b e-con-full e-flex e-con e-child\" data-id=\"6dbec6b\" data-element_type=\"container\">\n\t\t\t\t<div class=\"elementor-element elementor-element-95dc152 elementor-widget elementor-widget-image\" data-id=\"95dc152\" data-element_type=\"widget\" data-widget_type=\"image.default\">\n\t\t\t\t<div class=\"elementor-widget-container\">\n\t\t\t\t\t\t\t\t\t\t\t\t\t<img fetchpriority=\"high\" decoding=\"async\" width=\"1536\" height=\"622\" src=\"https:\/\/www.gynemama.com\/wp-content\/uploads\/2024\/10\/Cesarea2-96-2@2x-1536x622.jpg\" class=\"attachment-1536x1536 size-1536x1536 wp-image-894\" alt=\"\" srcset=\"https:\/\/www.gynemama.com\/wp-content\/uploads\/2024\/10\/Cesarea2-96-2@2x-1536x622.jpg 1536w, https:\/\/www.gynemama.com\/wp-content\/uploads\/2024\/10\/Cesarea2-96-2@2x-300x122.jpg 300w, https:\/\/www.gynemama.com\/wp-content\/uploads\/2024\/10\/Cesarea2-96-2@2x-1024x415.jpg 1024w, https:\/\/www.gynemama.com\/wp-content\/uploads\/2024\/10\/Cesarea2-96-2@2x-768x311.jpg 768w, https:\/\/www.gynemama.com\/wp-content\/uploads\/2024\/10\/Cesarea2-96-2@2x-2048x830.jpg 2048w\" sizes=\"(max-width: 1536px) 100vw, 1536px\" \/>\t\t\t\t\t\t\t\t\t\t\t\t\t<\/div>\n\t\t\t\t<\/div>\n\t\t<div class=\"elementor-element elementor-element-505ad35 e-con-full e-flex e-con e-child\" data-id=\"505ad35\" data-element_type=\"container\">\n\t\t\t\t<div class=\"elementor-element elementor-element-7f57877 elementor-widget elementor-widget-heading\" data-id=\"7f57877\" data-element_type=\"widget\" data-widget_type=\"heading.default\">\n\t\t\t\t<div class=\"elementor-widget-container\">\n\t\t\t<h2 class=\"elementor-heading-title elementor-size-default\">Gynemama s\u2019occupe du suivi de la femme tout au long de sa vie.<\/h2>\t\t<\/div>\n\t\t\t\t<\/div>\n\t\t\t\t<div class=\"elementor-element elementor-element-9776c37 elementor-widget elementor-widget-text-editor\" data-id=\"9776c37\" data-element_type=\"widget\" data-widget_type=\"text-editor.default\">\n\t\t\t\t<div class=\"elementor-widget-container\">\n\t\t\t\t\t\t\t<p>Notre mission : t\u2019aider dans tout ce dont tu auras besoin.Gr\u00e2ce \u00e0 notre \u00e9quipe de sp\u00e9cialistes tu auras acc\u00e8s \u00e0 une attention de qualit\u00e9 au cours des diff\u00e9rentes \u00e9tapes de ta vie.<\/p>\n<p>Gyn\u00e9mama est une \u00e9quipe de professionnels qui  s\u2019est form\u00e9e ensemble! Maintenant on partage notre exp\u00e9rience et on se compl\u00e8te, puisque chacun s\u2019est sp\u00e9cialis\u00e9 dans un domaine.<\/p>\n<p>On parle couramment anglais, fran\u00e7ais et espagnol.<\/p>\t\t\t\t\t\t<\/div>\n\t\t\t\t<\/div>\n\t\t\t\t<\/div>\n\t\t\t\t<\/div>\n\t\t\t\t\t<\/div>\n\t\t\t\t<\/div>\n\t\t<div class=\"elementor-element elementor-element-d85f77c e-flex e-con-boxed e-con e-parent\" data-id=\"d85f77c\" data-element_type=\"container\">\n\t\t\t\t\t<div class=\"e-con-inner\">\n\t\t<div class=\"elementor-element elementor-element-1717141 e-flex e-con-boxed e-con e-child\" data-id=\"1717141\" data-element_type=\"container\">\n\t\t\t\t\t<div class=\"e-con-inner\">\n\t\t\t\t<div class=\"elementor-element elementor-element-6e91854 elementor-widget elementor-widget-heading\" data-id=\"6e91854\" data-element_type=\"widget\" data-widget_type=\"heading.default\">\n\t\t\t\t<div class=\"elementor-widget-container\">\n\t\t\t<h2 class=\"elementor-heading-title elementor-size-default\">L&#039;\u00e9quipe Gyn\u00e9mama<\/h2>\t\t<\/div>\n\t\t\t\t<\/div>\n\t\t\t\t<div class=\"elementor-element elementor-element-49b1f46 elementor-widget elementor-widget-text-editor\" data-id=\"49b1f46\" data-element_type=\"widget\" data-widget_type=\"text-editor.default\">\n\t\t\t\t<div class=\"elementor-widget-container\">\n\t\t\t\t\t\t\t<p>Grande disponibilit\u00e9 d\u2019horaire : du lundi au vendredi , de 9h \u00e0 20h. (pause midi de 14h \u00e0 15h30)<\/p>\t\t\t\t\t\t<\/div>\n\t\t\t\t<\/div>\n\t\t\t\t<div class=\"elementor-element elementor-element-6bd0ac9 elementor-widget-divider--view-line elementor-widget elementor-widget-divider\" data-id=\"6bd0ac9\" data-element_type=\"widget\" data-widget_type=\"divider.default\">\n\t\t\t\t<div class=\"elementor-widget-container\">\n\t\t\t\t\t<div class=\"elementor-divider\">\n\t\t\t<span class=\"elementor-divider-separator\">\n\t\t\t\t\t\t<\/span>\n\t\t<\/div>\n\t\t\t\t<\/div>\n\t\t\t\t<\/div>\n\t\t\t\t\t<\/div>\n\t\t\t\t<\/div>\n\t\t<div class=\"elementor-element elementor-element-63b4832 e-con-full e-flex e-con e-child\" data-id=\"63b4832\" data-element_type=\"container\">\n\t\t<div class=\"elementor-element elementor-element-6093d33 e-grid e-con-full e-con e-child\" data-id=\"6093d33\" data-element_type=\"container\">\n\t\t<div class=\"elementor-element elementor-element-2e484e7 e-con-full e-flex e-con e-child\" data-id=\"2e484e7\" data-element_type=\"container\">\n\t\t\t\t<div class=\"elementor-element elementor-element-06bbbc9 elementor-widget elementor-widget-image\" data-id=\"06bbbc9\" data-element_type=\"widget\" data-widget_type=\"image.default\">\n\t\t\t\t<div class=\"elementor-widget-container\">\n\t\t\t\t\t\t\t\t\t\t\t\t\t<img decoding=\"async\" width=\"544\" height=\"640\" src=\"https:\/\/www.gynemama.com\/wp-content\/uploads\/2024\/09\/Conchi-1@2x.jpg\" class=\"attachment-large size-large wp-image-865\" alt=\"\" srcset=\"https:\/\/www.gynemama.com\/wp-content\/uploads\/2024\/09\/Conchi-1@2x.jpg 544w, https:\/\/www.gynemama.com\/wp-content\/uploads\/2024\/09\/Conchi-1@2x-255x300.jpg 255w\" sizes=\"(max-width: 544px) 100vw, 544px\" \/>\t\t\t\t\t\t\t\t\t\t\t\t\t<\/div>\n\t\t\t\t<\/div>\n\t\t\t\t<div class=\"elementor-element elementor-element-4fe804c elementor-widget elementor-widget-heading\" data-id=\"4fe804c\" data-element_type=\"widget\" data-widget_type=\"heading.default\">\n\t\t\t\t<div class=\"elementor-widget-container\">\n\t\t\t<p class=\"elementor-heading-title elementor-size-default\">Dr Concepci\u00f3n Encabo Lucini<\/p>\t\t<\/div>\n\t\t\t\t<\/div>\n\t\t\t\t<div class=\"elementor-element elementor-element-9c0581a elementor-widget elementor-widget-heading\" data-id=\"9c0581a\" data-element_type=\"widget\" data-widget_type=\"heading.default\">\n\t\t\t\t<div class=\"elementor-widget-container\">\n\t\t\t<p class=\"elementor-heading-title elementor-size-default\">coll\u00e9giale n\u00b0 19055<\/p>\t\t<\/div>\n\t\t\t\t<\/div>\n\t\t\t\t<\/div>\n\t\t<div class=\"elementor-element elementor-element-b2808ec e-con-full e-flex e-con e-child\" data-id=\"b2808ec\" data-element_type=\"container\">\n\t\t\t\t<div class=\"elementor-element elementor-element-9632f77 elementor-widget elementor-widget-image\" data-id=\"9632f77\" data-element_type=\"widget\" data-widget_type=\"image.default\">\n\t\t\t\t<div class=\"elementor-widget-container\">\n\t\t\t\t\t\t\t\t\t\t\t\t\t<img decoding=\"async\" width=\"544\" height=\"640\" src=\"https:\/\/www.gynemama.com\/wp-content\/uploads\/2024\/09\/Daniel@2x.jpg\" class=\"attachment-large size-large wp-image-866\" alt=\"\" srcset=\"https:\/\/www.gynemama.com\/wp-content\/uploads\/2024\/09\/Daniel@2x.jpg 544w, https:\/\/www.gynemama.com\/wp-content\/uploads\/2024\/09\/Daniel@2x-255x300.jpg 255w\" sizes=\"(max-width: 544px) 100vw, 544px\" \/>\t\t\t\t\t\t\t\t\t\t\t\t\t<\/div>\n\t\t\t\t<\/div>\n\t\t\t\t<div class=\"elementor-element elementor-element-d5eb0be elementor-widget elementor-widget-heading\" data-id=\"d5eb0be\" data-element_type=\"widget\" data-widget_type=\"heading.default\">\n\t\t\t\t<div class=\"elementor-widget-container\">\n\t\t\t<p class=\"elementor-heading-title elementor-size-default\">Dr Daniel Izquierdo Palomares<\/p>\t\t<\/div>\n\t\t\t\t<\/div>\n\t\t\t\t<div class=\"elementor-element elementor-element-bcbca1f elementor-widget elementor-widget-heading\" data-id=\"bcbca1f\" data-element_type=\"widget\" data-widget_type=\"heading.default\">\n\t\t\t\t<div class=\"elementor-widget-container\">\n\t\t\t<p class=\"elementor-heading-title elementor-size-default\">coll\u00e9giale n\u00b0 16705<\/p>\t\t<\/div>\n\t\t\t\t<\/div>\n\t\t\t\t<\/div>\n\t\t<div class=\"elementor-element elementor-element-6562301 e-con-full e-flex e-con e-child\" data-id=\"6562301\" data-element_type=\"container\">\n\t\t\t\t<div class=\"elementor-element elementor-element-5ad7ed0 elementor-widget elementor-widget-image\" data-id=\"5ad7ed0\" data-element_type=\"widget\" data-widget_type=\"image.default\">\n\t\t\t\t<div class=\"elementor-widget-container\">\n\t\t\t\t\t\t\t\t\t\t\t\t\t<img loading=\"lazy\" decoding=\"async\" width=\"544\" height=\"640\" src=\"https:\/\/www.gynemama.com\/wp-content\/uploads\/2024\/09\/Esther@2x.jpg\" class=\"attachment-large size-large wp-image-867\" alt=\"\" srcset=\"https:\/\/www.gynemama.com\/wp-content\/uploads\/2024\/09\/Esther@2x.jpg 544w, https:\/\/www.gynemama.com\/wp-content\/uploads\/2024\/09\/Esther@2x-255x300.jpg 255w\" sizes=\"(max-width: 544px) 100vw, 544px\" \/>\t\t\t\t\t\t\t\t\t\t\t\t\t<\/div>\n\t\t\t\t<\/div>\n\t\t\t\t<div class=\"elementor-element elementor-element-884cb56 elementor-widget elementor-widget-heading\" data-id=\"884cb56\" data-element_type=\"widget\" data-widget_type=\"heading.default\">\n\t\t\t\t<div class=\"elementor-widget-container\">\n\t\t\t<p class=\"elementor-heading-title elementor-size-default\">Dr Esther Estell\u00e9s Badge<\/p>\t\t<\/div>\n\t\t\t\t<\/div>\n\t\t\t\t<div class=\"elementor-element elementor-element-1f98c19 elementor-widget elementor-widget-heading\" data-id=\"1f98c19\" data-element_type=\"widget\" data-widget_type=\"heading.default\">\n\t\t\t\t<div class=\"elementor-widget-container\">\n\t\t\t<p class=\"elementor-heading-title elementor-size-default\">coll\u00e9giale n\u00b0 17833<\/p>\t\t<\/div>\n\t\t\t\t<\/div>\n\t\t\t\t<\/div>\n\t\t<div class=\"elementor-element elementor-element-933da60 e-con-full e-flex e-con e-child\" data-id=\"933da60\" data-element_type=\"container\">\n\t\t\t\t<div class=\"elementor-element elementor-element-694d05c elementor-widget elementor-widget-image\" data-id=\"694d05c\" data-element_type=\"widget\" data-widget_type=\"image.default\">\n\t\t\t\t<div class=\"elementor-widget-container\">\n\t\t\t\t\t\t\t\t\t\t\t\t\t<img loading=\"lazy\" decoding=\"async\" width=\"544\" height=\"640\" src=\"https:\/\/www.gynemama.com\/wp-content\/uploads\/2024\/09\/Nerea-1@2x-1.jpg\" class=\"attachment-large size-large wp-image-868\" alt=\"\" srcset=\"https:\/\/www.gynemama.com\/wp-content\/uploads\/2024\/09\/Nerea-1@2x-1.jpg 544w, https:\/\/www.gynemama.com\/wp-content\/uploads\/2024\/09\/Nerea-1@2x-1-255x300.jpg 255w\" sizes=\"(max-width: 544px) 100vw, 544px\" \/>\t\t\t\t\t\t\t\t\t\t\t\t\t<\/div>\n\t\t\t\t<\/div>\n\t\t\t\t<div class=\"elementor-element elementor-element-4ef97b6 elementor-widget elementor-widget-heading\" data-id=\"4ef97b6\" data-element_type=\"widget\" data-widget_type=\"heading.default\">\n\t\t\t\t<div class=\"elementor-widget-container\">\n\t\t\t<p class=\"elementor-heading-title elementor-size-default\">Dr Nerea Ruiz Sacedon<\/p>\t\t<\/div>\n\t\t\t\t<\/div>\n\t\t\t\t<div class=\"elementor-element elementor-element-9e46197 elementor-widget elementor-widget-heading\" data-id=\"9e46197\" data-element_type=\"widget\" data-widget_type=\"heading.default\">\n\t\t\t\t<div class=\"elementor-widget-container\">\n\t\t\t<p class=\"elementor-heading-title elementor-size-default\">coll\u00e9giale n\u00b0 19252<\/p>\t\t<\/div>\n\t\t\t\t<\/div>\n\t\t\t\t<\/div>\n\t\t<div class=\"elementor-element elementor-element-e253c06 e-con-full e-flex e-con e-child\" data-id=\"e253c06\" data-element_type=\"container\">\n\t\t\t\t<div class=\"elementor-element elementor-element-6cec682 elementor-widget elementor-widget-image\" data-id=\"6cec682\" data-element_type=\"widget\" data-widget_type=\"image.default\">\n\t\t\t\t<div class=\"elementor-widget-container\">\n\t\t\t\t\t\t\t\t\t\t\t\t\t<img loading=\"lazy\" decoding=\"async\" width=\"544\" height=\"640\" src=\"https:\/\/www.gynemama.com\/wp-content\/uploads\/2024\/09\/Roberto-Girones@2x.jpg\" class=\"attachment-large size-large wp-image-871\" alt=\"\" srcset=\"https:\/\/www.gynemama.com\/wp-content\/uploads\/2024\/09\/Roberto-Girones@2x.jpg 544w, https:\/\/www.gynemama.com\/wp-content\/uploads\/2024\/09\/Roberto-Girones@2x-255x300.jpg 255w\" sizes=\"(max-width: 544px) 100vw, 544px\" \/>\t\t\t\t\t\t\t\t\t\t\t\t\t<\/div>\n\t\t\t\t<\/div>\n\t\t\t\t<div class=\"elementor-element elementor-element-19e059b elementor-widget elementor-widget-heading\" data-id=\"19e059b\" data-element_type=\"widget\" data-widget_type=\"heading.default\">\n\t\t\t\t<div class=\"elementor-widget-container\">\n\t\t\t<p class=\"elementor-heading-title elementor-size-default\">Dr Roberto Giron\u00e9s Soriano<\/p>\t\t<\/div>\n\t\t\t\t<\/div>\n\t\t\t\t<div class=\"elementor-element elementor-element-b723a60 elementor-widget elementor-widget-heading\" data-id=\"b723a60\" data-element_type=\"widget\" data-widget_type=\"heading.default\">\n\t\t\t\t<div class=\"elementor-widget-container\">\n\t\t\t<p class=\"elementor-heading-title elementor-size-default\">coll\u00e9giale n\u00b0 14970<\/p>\t\t<\/div>\n\t\t\t\t<\/div>\n\t\t\t\t<\/div>\n\t\t<div class=\"elementor-element elementor-element-eb71f88 e-con-full e-flex e-con e-child\" data-id=\"eb71f88\" data-element_type=\"container\">\n\t\t\t\t<div class=\"elementor-element elementor-element-cb4a872 elementor-widget elementor-widget-image\" data-id=\"cb4a872\" data-element_type=\"widget\" data-widget_type=\"image.default\">\n\t\t\t\t<div class=\"elementor-widget-container\">\n\t\t\t\t\t\t\t\t\t\t\t\t\t<img loading=\"lazy\" decoding=\"async\" width=\"544\" height=\"640\" src=\"https:\/\/www.gynemama.com\/wp-content\/uploads\/2024\/09\/Andrea-Martinez@2x.jpg\" class=\"attachment-large size-large wp-image-870\" alt=\"\" srcset=\"https:\/\/www.gynemama.com\/wp-content\/uploads\/2024\/09\/Andrea-Martinez@2x.jpg 544w, https:\/\/www.gynemama.com\/wp-content\/uploads\/2024\/09\/Andrea-Martinez@2x-255x300.jpg 255w\" sizes=\"(max-width: 544px) 100vw, 544px\" \/>\t\t\t\t\t\t\t\t\t\t\t\t\t<\/div>\n\t\t\t\t<\/div>\n\t\t\t\t<div class=\"elementor-element elementor-element-3208fa2 elementor-widget elementor-widget-heading\" data-id=\"3208fa2\" data-element_type=\"widget\" data-widget_type=\"heading.default\">\n\t\t\t\t<div class=\"elementor-widget-container\">\n\t\t\t<p class=\"elementor-heading-title elementor-size-default\">Dr Andrea Mart\u00ednez Massa<\/p>\t\t<\/div>\n\t\t\t\t<\/div>\n\t\t\t\t<div class=\"elementor-element elementor-element-7f90150 elementor-widget elementor-widget-heading\" data-id=\"7f90150\" data-element_type=\"widget\" data-widget_type=\"heading.default\">\n\t\t\t\t<div class=\"elementor-widget-container\">\n\t\t\t<p class=\"elementor-heading-title elementor-size-default\">coll\u00e9giale n\u00b0 24241<\/p>\t\t<\/div>\n\t\t\t\t<\/div>\n\t\t\t\t<\/div>\n\t\t<div class=\"elementor-element elementor-element-833bcce e-con-full e-flex e-con e-child\" data-id=\"833bcce\" data-element_type=\"container\">\n\t\t\t\t<div class=\"elementor-element elementor-element-4582309 elementor-widget__width-initial elementor-widget elementor-widget-image\" data-id=\"4582309\" data-element_type=\"widget\" data-widget_type=\"image.default\">\n\t\t\t\t<div class=\"elementor-widget-container\">\n\t\t\t\t\t\t\t\t\t\t\t\t\t<img loading=\"lazy\" decoding=\"async\" width=\"800\" height=\"1000\" src=\"https:\/\/www.gynemama.com\/wp-content\/uploads\/2026\/03\/WhatsApp-Image-2026-03-29-at-18.19.58-2-819x1024.jpeg\" class=\"attachment-large size-large wp-image-1120\" alt=\"\" srcset=\"https:\/\/www.gynemama.com\/wp-content\/uploads\/2026\/03\/WhatsApp-Image-2026-03-29-at-18.19.58-2-819x1024.jpeg 819w, https:\/\/www.gynemama.com\/wp-content\/uploads\/2026\/03\/WhatsApp-Image-2026-03-29-at-18.19.58-2-768x960.jpeg 768w, https:\/\/www.gynemama.com\/wp-content\/uploads\/2026\/03\/WhatsApp-Image-2026-03-29-at-18.19.58-2-1228x1536.jpeg 1228w, https:\/\/www.gynemama.com\/wp-content\/uploads\/2026\/03\/WhatsApp-Image-2026-03-29-at-18.19.58-2-e1774809826816-10x12.jpeg 10w\" sizes=\"(max-width: 800px) 100vw, 800px\" \/>\t\t\t\t\t\t\t\t\t\t\t\t\t<\/div>\n\t\t\t\t<\/div>\n\t\t\t\t<div class=\"elementor-element elementor-element-802c217 elementor-widget elementor-widget-heading\" data-id=\"802c217\" data-element_type=\"widget\" data-widget_type=\"heading.default\">\n\t\t\t\t<div class=\"elementor-widget-container\">\n\t\t\t<p class=\"elementor-heading-title elementor-size-default\">Dra. Ana R. Senent<\/p>\t\t<\/div>\n\t\t\t\t<\/div>\n\t\t\t\t<div class=\"elementor-element elementor-element-8e92255 elementor-widget elementor-widget-heading\" data-id=\"8e92255\" data-element_type=\"widget\" data-widget_type=\"heading.default\">\n\t\t\t\t<div class=\"elementor-widget-container\">\n\t\t\t<p class=\"elementor-heading-title elementor-size-default\">colegiado n\u00ba 464307499<\/p>\t\t<\/div>\n\t\t\t\t<\/div>\n\t\t\t\t<\/div>\n\t\t<div class=\"elementor-element elementor-element-2a0fb4c e-con-full e-flex e-con e-child\" data-id=\"2a0fb4c\" data-element_type=\"container\">\n\t\t\t\t<div class=\"elementor-element elementor-element-ac9215f elementor-widget elementor-widget-image\" data-id=\"ac9215f\" data-element_type=\"widget\" data-widget_type=\"image.default\">\n\t\t\t\t<div class=\"elementor-widget-container\">\n\t\t\t\t\t\t\t\t\t\t\t\t\t<img loading=\"lazy\" decoding=\"async\" width=\"544\" height=\"640\" src=\"https:\/\/www.gynemama.com\/wp-content\/uploads\/2024\/09\/Beatriz-matrona@2x.jpg\" class=\"attachment-large size-large wp-image-869\" alt=\"\" srcset=\"https:\/\/www.gynemama.com\/wp-content\/uploads\/2024\/09\/Beatriz-matrona@2x.jpg 544w, https:\/\/www.gynemama.com\/wp-content\/uploads\/2024\/09\/Beatriz-matrona@2x-255x300.jpg 255w\" sizes=\"(max-width: 544px) 100vw, 544px\" \/>\t\t\t\t\t\t\t\t\t\t\t\t\t<\/div>\n\t\t\t\t<\/div>\n\t\t\t\t<div class=\"elementor-element elementor-element-099cd51 elementor-widget elementor-widget-heading\" data-id=\"099cd51\" data-element_type=\"widget\" data-widget_type=\"heading.default\">\n\t\t\t\t<div class=\"elementor-widget-container\">\n\t\t\t<p class=\"elementor-heading-title elementor-size-default\">Beatriz Feliu Tatay<\/p>\t\t<\/div>\n\t\t\t\t<\/div>\n\t\t\t\t<div class=\"elementor-element elementor-element-3f05bb3 elementor-widget elementor-widget-heading\" data-id=\"3f05bb3\" data-element_type=\"widget\" data-widget_type=\"heading.default\">\n\t\t\t\t<div class=\"elementor-widget-container\">\n\t\t\t<p class=\"elementor-heading-title elementor-size-default\">coll\u00e9giale n\u00b0 12336<\/p>\t\t<\/div>\n\t\t\t\t<\/div>\n\t\t\t\t<\/div>\n\t\t<div class=\"elementor-element elementor-element-66ca521 e-con-full e-flex e-con e-child\" data-id=\"66ca521\" data-element_type=\"container\">\n\t\t\t\t<div class=\"elementor-element elementor-element-b56cd1f elementor-widget elementor-widget-image\" data-id=\"b56cd1f\" data-element_type=\"widget\" data-widget_type=\"image.default\">\n\t\t\t\t<div class=\"elementor-widget-container\">\n\t\t\t\t\t\t\t\t\t\t\t\t\t<img loading=\"lazy\" decoding=\"async\" width=\"544\" height=\"640\" src=\"https:\/\/www.gynemama.com\/wp-content\/uploads\/2024\/11\/Cristina-Sanchez-Ramos.jpg\" class=\"attachment-large size-large wp-image-980\" alt=\"\" srcset=\"https:\/\/www.gynemama.com\/wp-content\/uploads\/2024\/11\/Cristina-Sanchez-Ramos.jpg 544w, https:\/\/www.gynemama.com\/wp-content\/uploads\/2024\/11\/Cristina-Sanchez-Ramos-255x300.jpg 255w\" sizes=\"(max-width: 544px) 100vw, 544px\" \/>\t\t\t\t\t\t\t\t\t\t\t\t\t<\/div>\n\t\t\t\t<\/div>\n\t\t\t\t<div class=\"elementor-element elementor-element-8ba88ab elementor-widget elementor-widget-heading\" data-id=\"8ba88ab\" data-element_type=\"widget\" data-widget_type=\"heading.default\">\n\t\t\t\t<div class=\"elementor-widget-container\">\n\t\t\t<p class=\"elementor-heading-title elementor-size-default\">Di\u00e9t\u00e9tiste Cristina S\u00e1nchez Ramos<\/p>\t\t<\/div>\n\t\t\t\t<\/div>\n\t\t\t\t<div class=\"elementor-element elementor-element-07da307 elementor-widget elementor-widget-heading\" data-id=\"07da307\" data-element_type=\"widget\" data-widget_type=\"heading.default\">\n\t\t\t\t<div class=\"elementor-widget-container\">\n\t\t\t<p class=\"elementor-heading-title elementor-size-default\">coll\u00e9giale n\u00b0 CV00<\/p>\t\t<\/div>\n\t\t\t\t<\/div>\n\t\t\t\t<\/div>\n\t\t\t\t<\/div>\n\t\t\t\t<\/div>\n\t\t\t\t\t<\/div>\n\t\t\t\t<\/div>\n\t\t\t\t<\/div>","protected":false},"excerpt":{"rendered":"<p>La cl\u00ednica \/ Equipo Cuida tu salud en todas las etapas de tu vida Nuestra misi\u00f3n es ayudarte en todo lo que necesites: gracias a nuestro equipo de especialistas podr\u00e1s acceder a una atenci\u00f3n de alta calidad en las diferentes etapas de tu vida. En Gynemama, nos formamos juntos, intercambiando nuestras experiencias y complet\u00e1ndonos seg\u00fan [&hellip;]<\/p>","protected":false},"author":1,"featured_media":0,"parent":0,"menu_order":0,"comment_status":"closed","ping_status":"closed","template":"elementor_header_footer","meta":{"rank_math_lock_modified_date":false,"footnotes":""},"class_list":["post-283","page","type-page","status-publish","hentry"],"_links":{"self":[{"href":"https:\/\/www.gynemama.com\/fr\/wp-json\/wp\/v2\/pages\/283","targetHints":{"allow":["GET"]}}],"collection":[{"href":"https:\/\/www.gynemama.com\/fr\/wp-json\/wp\/v2\/pages"}],"about":[{"href":"https:\/\/www.gynemama.com\/fr\/wp-json\/wp\/v2\/types\/page"}],"author":[{"embeddable":true,"href":"https:\/\/www.gynemama.com\/fr\/wp-json\/wp\/v2\/users\/1"}],"replies":[{"embeddable":true,"href":"https:\/\/www.gynemama.com\/fr\/wp-json\/wp\/v2\/comments?post=283"}],"version-history":[{"count":52,"href":"https:\/\/www.gynemama.com\/fr\/wp-json\/wp\/v2\/pages\/283\/revisions"}],"predecessor-version":[{"id":1136,"href":"https:\/\/www.gynemama.com\/fr\/wp-json\/wp\/v2\/pages\/283\/revisions\/1136"}],"wp:attachment":[{"href":"https:\/\/www.gynemama.com\/fr\/wp-json\/wp\/v2\/media?parent=283"}],"curies":[{"name":"wp","href":"https:\/\/api.w.org\/{rel}","templated":true}]}}