{"id":334,"date":"2024-09-17T07:04:50","date_gmt":"2024-09-17T07:04:50","guid":{"rendered":"https:\/\/wordpress-1269390-4868074.cloudwaysapps.com\/privacy-statement-eu\/"},"modified":"2024-11-14T03:45:10","modified_gmt":"2024-11-14T03:45:10","slug":"privacy-statement-eu","status":"publish","type":"page","link":"https:\/\/www.gynemama.com\/fr\/declaration-de-confidentialite-ue\/","title":{"rendered":"politique de confidentialit\u00e9"},"content":{"rendered":"<div data-elementor-type=\"wp-page\" data-elementor-id=\"334\" class=\"elementor elementor-334\" data-elementor-post-type=\"page\">\n\t\t\t\t<div class=\"elementor-element elementor-element-e1ec24a e-flex e-con-boxed e-con e-parent\" data-id=\"e1ec24a\" data-element_type=\"container\" data-settings=\"{&quot;background_background&quot;:&quot;classic&quot;}\">\n\t\t\t\t\t<div class=\"e-con-inner\">\n\t\t<div class=\"elementor-element elementor-element-9931adf e-con-full e-flex e-con e-child\" data-id=\"9931adf\" data-element_type=\"container\">\n\t\t\t\t<div class=\"elementor-element elementor-element-ec78532 elementor-widget elementor-widget-heading\" data-id=\"ec78532\" data-element_type=\"widget\" data-widget_type=\"heading.default\">\n\t\t\t\t<div class=\"elementor-widget-container\">\n\t\t\t<h1 class=\"elementor-heading-title elementor-size-default\">politique de confidentialit\u00e9<\/h1>\t\t<\/div>\n\t\t\t\t<\/div>\n\t\t\t\t<div class=\"elementor-element elementor-element-3412ba8 elementor-widget elementor-widget-text-editor\" data-id=\"3412ba8\" data-element_type=\"widget\" data-widget_type=\"text-editor.default\">\n\t\t\t\t<div class=\"elementor-widget-container\">\n\t\t\t\t\t\t\t<p>Maison \/ <strong>politique de confidentialit\u00e9<\/strong><\/p>\t\t\t\t\t\t<\/div>\n\t\t\t\t<\/div>\n\t\t\t\t<\/div>\n\t\t\t\t\t<\/div>\n\t\t\t\t<\/div>\n\t\t<div class=\"elementor-element elementor-element-3038e1f e-flex e-con-boxed e-con e-child\" data-id=\"3038e1f\" data-element_type=\"container\">\n\t\t\t\t\t<div class=\"e-con-inner\">\n\t\t<div class=\"elementor-element elementor-element-7a302e6 e-con-full e-flex e-con e-child\" data-id=\"7a302e6\" data-element_type=\"container\">\n\t\t\t\t<div class=\"elementor-element elementor-element-e3578fd elementor-widget elementor-widget-text-editor\" data-id=\"e3578fd\" data-element_type=\"widget\" data-widget_type=\"text-editor.default\">\n\t\t\t\t<div class=\"elementor-widget-container\">\n\t\t\t\t\t\t\t<p>Cette d\u00e9claration de confidentialit\u00e9 a \u00e9t\u00e9 mise \u00e0 jour pour la derni\u00e8re fois le 14 novembre 2024 et s&#039;applique aux citoyens et aux r\u00e9sidents permanents l\u00e9gaux de l&#039;Espace \u00e9conomique europ\u00e9en et de la Suisse.<\/p><p>\u00a0<\/p><p>Dans cette d\u00e9claration de confidentialit\u00e9, nous expliquons ce que nous faisons avec les donn\u00e9es que nous obtenons \u00e0 votre sujet via <a href=\"https:\/\/www.gynemama.com\/fr\/\">https:\/\/www.gynemama.com<\/a>.<br \/><br \/>Nous vous recommandons de lire attentivement cette d\u00e9claration. Lors de notre traitement, nous respectons les exigences de la l\u00e9gislation sur la protection de la vie priv\u00e9e. Cela signifie entre autres que :<\/p><p>\u00a0<\/p><ul><li>Nous indiquons clairement les finalit\u00e9s pour lesquelles nous traitons les donn\u00e9es personnelles. Nous le faisons via cette d\u00e9claration de confidentialit\u00e9\u00a0;<\/li><li>Nous nous effor\u00e7ons de limiter notre collecte de donn\u00e9es personnelles aux seules donn\u00e9es n\u00e9cessaires \u00e0 des fins l\u00e9gitimes\u00a0;<\/li><li>Nous demandons d&#039;abord votre consentement explicite pour traiter vos donn\u00e9es personnelles dans les cas qui n\u00e9cessitent votre consentement\u00a0;<\/li><li>Nous prenons des mesures de s\u00e9curit\u00e9 appropri\u00e9es pour prot\u00e9ger vos donn\u00e9es personnelles et nous l&#039;exigeons \u00e9galement des parties qui traitent les donn\u00e9es personnelles en notre nom\u00a0;<\/li><li>Nous respectons votre droit d&#039;acc\u00e8s, de rectification ou de suppression de vos donn\u00e9es personnelles \u00e0 votre demande.<\/li><\/ul><p>Si vous avez des questions ou souhaitez savoir exactement quelles donn\u00e9es nous d\u00e9tenons \u00e0 votre sujet, veuillez nous contacter.<\/p><h2>1. Finalit\u00e9, donn\u00e9es et dur\u00e9e de conservation<\/h2><p>Nous pouvons collecter ou recevoir des informations personnelles \u00e0 diverses fins li\u00e9es \u00e0 nos op\u00e9rations commerciales, notamment\u00a0:<\/p><h3>1.1 Contact \u2013 Par t\u00e9l\u00e9phone, courrier, e-mail et\/ou formulaires Web<\/h3><p>\u00c0 cette fin, nous utilisons les donn\u00e9es suivantes :<\/p><ul><li>Num\u00e9ro de t\u00e9l\u00e9phone<\/li><li>Adresse email<\/li><li>Nom et pr\u00e9nom<\/li><\/ul><p>La base sur laquelle nous pouvons traiter ces donn\u00e9es est la suivante\u00a0:<\/p><p>Avec l&#039;octroi du consentement.<\/p><h4>P\u00e9riode de conservation<\/h4><p>Nous conservons ces donn\u00e9es jusqu&#039;\u00e0 la fin du service.<\/p><h2>2. Cookies<\/h2><p>Notre site Web utilise des cookies. Pour plus d&#039;informations sur les cookies, veuillez consulter notre <a href=\"#\">Politique de cookies<\/a>.<\/p><h2>3. Pratiques de divulgation<\/h2><p>Nous divulguons des informations personnelles si nous y sommes tenus par la loi ou une ordonnance d&#039;un tribunal, en r\u00e9ponse \u00e0 un organisme charg\u00e9 de l&#039;application de la loi, dans la mesure permise par d&#039;autres dispositions de la loi, pour fournir des informations ou pour une enqu\u00eate sur une question li\u00e9e \u00e0 l&#039;application de la loi. .la s\u00e9curit\u00e9 publique.<\/p><p>Si notre site Web ou notre organisation est acquis, vendu ou impliqu\u00e9 dans une fusion ou une acquisition, vos donn\u00e9es pourront \u00eatre divulgu\u00e9es \u00e0 nos conseillers et \u00e0 tout acheteur potentiel et seront transf\u00e9r\u00e9es aux nouveaux propri\u00e9taires.<\/p><h2>4. S\u00e9curit\u00e9<\/h2><p>Nous nous engageons \u00e0 la s\u00e9curit\u00e9 des donn\u00e9es personnelles. Nous prenons des mesures de s\u00e9curit\u00e9 appropri\u00e9es pour limiter les abus et l&#039;acc\u00e8s non autoris\u00e9 aux donn\u00e9es personnelles. Cela garantit que seules les personnes n\u00e9cessaires ont acc\u00e8s \u00e0 vos donn\u00e9es, que l&#039;acc\u00e8s aux donn\u00e9es est prot\u00e9g\u00e9 et que nos mesures de s\u00e9curit\u00e9 sont r\u00e9guli\u00e8rement revues.<\/p><h2>5. Sites Web tiers<\/h2><p>Cette d\u00e9claration de confidentialit\u00e9 ne s&#039;applique pas aux sites Web de tiers connect\u00e9s par des liens sur notre site Web. Nous ne pouvons pas garantir que ces tiers traiteront vos donn\u00e9es personnelles de mani\u00e8re fiable ou s\u00e9curis\u00e9e. Nous vous recommandons de lire les d\u00e9clarations de confidentialit\u00e9 de ces sites Web avant de les utiliser.<\/p><h2>6. Modifications de cette d\u00e9claration de confidentialit\u00e9<\/h2><p>Nous nous r\u00e9servons le droit d&#039;apporter des modifications \u00e0 cette d\u00e9claration de confidentialit\u00e9. Il est recommand\u00e9 de consulter r\u00e9guli\u00e8rement cette d\u00e9claration de confidentialit\u00e9 pour \u00eatre au courant de tout changement. De plus, nous vous informerons activement dans la mesure du possible.<\/p><h2>7. Acc\u00e9dez et modifiez vos donn\u00e9es<\/h2><p>Si vous avez des questions ou souhaitez conna\u00eetre les donn\u00e9es personnelles que nous poss\u00e9dons \u00e0 votre sujet, veuillez nous contacter. Vous pouvez nous contacter en utilisant les informations ci-dessous. Vous disposez des droits suivants :<\/p><ul><li>Vous avez le droit de savoir pourquoi vos donn\u00e9es personnelles sont n\u00e9cessaires, ce qu&#039;il adviendra de elles et combien de temps elles seront conserv\u00e9es.<\/li><li><strong>Droit d&#039;acc\u00e8s :<\/strong> Vous avez le droit d&#039;acc\u00e9der \u00e0 vos donn\u00e9es personnelles que nous connaissons.<\/li><li><strong>Droit de rectification :<\/strong> Vous avez le droit de compl\u00e9ter, de rectifier, de supprimer ou de bloquer vos donn\u00e9es personnelles \u00e0 tout moment.<\/li><li>Si vous nous donnez votre consentement au traitement de vos donn\u00e9es, vous avez le droit de r\u00e9voquer ce consentement et de faire supprimer vos donn\u00e9es personnelles.<\/li><li><strong>Droit de transf\u00e9rer vos donn\u00e9es :<\/strong> Vous avez le droit de demander toutes vos donn\u00e9es personnelles au responsable du traitement et de les transf\u00e9rer dans leur int\u00e9gralit\u00e9 \u00e0 un autre responsable du traitement.<\/li><li><strong>Droit d&#039;opposition :<\/strong> Vous pouvez vous opposer au traitement de vos donn\u00e9es. Nous nous y conformons, sauf s&#039;il existe des motifs justifi\u00e9s pour le traitement.<\/li><\/ul><p>Assurez-vous d&#039;indiquer clairement qui vous \u00eates, afin que nous puissions \u00eatre s\u00fbrs de ne pas modifier ou supprimer les donn\u00e9es de la mauvaise personne.<\/p><h2>8. D\u00e9poser une plainte<\/h2><p>Si vous n&#039;\u00eates pas satisfait de la mani\u00e8re dont nous traitons (une plainte concernant) le traitement de vos donn\u00e9es personnelles, vous avez le droit de d\u00e9poser une plainte aupr\u00e8s de l&#039;autorit\u00e9 de protection des donn\u00e9es.<\/p><h2>9. Coordonn\u00e9es<\/h2><p>GyneMama Sant\u00e9 CB<br \/>C\/ del Dr. Manuel Candela, 41, Camins al Grau, 46021 Val\u00e8ncia, Valence, Espagne<br \/>Espagne<br \/>Site web: <a href=\"https:\/\/www.gynemama.com\/fr\/\">https:\/\/www.gynemama.com<\/a><br \/>E-mail: <a href=\"mailto:info@gynemama.com\">info@gynemama.com<\/a><br \/>Num\u00e9ro de t\u00e9l\u00e9phone : 963 61 33 35<\/p>\t\t\t\t\t\t<\/div>\n\t\t\t\t<\/div>\n\t\t\t\t<\/div>\n\t\t\t\t\t<\/div>\n\t\t\t\t<\/div>\n\t\t\t\t<\/div>","protected":false},"excerpt":{"rendered":"<p>Home \/ Pol\u00edtica de privacidad Esta declaraci\u00f3n de privacidad fue actualizada por \u00faltima vez el 14 de noviembre de 2024 y se aplica a ciudadanos y residentes permanentes legales del \u00c1rea Econ\u00f3mica Europea y Suiza. \u00a0 En esta declaraci\u00f3n de privacidad, explicamos qu\u00e9 hacemos con los datos que obtenemos sobre usted a trav\u00e9s de https:\/\/www.gynemama.com. [&hellip;]<\/p>","protected":false},"author":1,"featured_media":0,"parent":0,"menu_order":0,"comment_status":"closed","ping_status":"closed","template":"elementor_header_footer","meta":{"rank_math_lock_modified_date":false,"footnotes":""},"class_list":["post-334","page","type-page","status-publish","hentry"],"_links":{"self":[{"href":"https:\/\/www.gynemama.com\/fr\/wp-json\/wp\/v2\/pages\/334","targetHints":{"allow":["GET"]}}],"collection":[{"href":"https:\/\/www.gynemama.com\/fr\/wp-json\/wp\/v2\/pages"}],"about":[{"href":"https:\/\/www.gynemama.com\/fr\/wp-json\/wp\/v2\/types\/page"}],"author":[{"embeddable":true,"href":"https:\/\/www.gynemama.com\/fr\/wp-json\/wp\/v2\/users\/1"}],"replies":[{"embeddable":true,"href":"https:\/\/www.gynemama.com\/fr\/wp-json\/wp\/v2\/comments?post=334"}],"version-history":[{"count":25,"href":"https:\/\/www.gynemama.com\/fr\/wp-json\/wp\/v2\/pages\/334\/revisions"}],"predecessor-version":[{"id":1092,"href":"https:\/\/www.gynemama.com\/fr\/wp-json\/wp\/v2\/pages\/334\/revisions\/1092"}],"wp:attachment":[{"href":"https:\/\/www.gynemama.com\/fr\/wp-json\/wp\/v2\/media?parent=334"}],"curies":[{"name":"wp","href":"https:\/\/api.w.org\/{rel}","templated":true}]}}